{"id":3,"date":"2025-05-12T11:13:07","date_gmt":"2025-05-12T09:13:07","guid":{"rendered":"https:\/\/local.voltizy.com:8890\/?page_id=3"},"modified":"2025-06-13T12:03:10","modified_gmt":"2025-06-13T10:03:10","slug":"politique-de-confidentialite","status":"publish","type":"page","link":"https:\/\/voltizy.com\/de\/politique-de-confidentialite\/","title":{"rendered":"Datenschutzerkl\u00e4rung"},"content":{"rendered":"<h2 class=\"wp-block-heading\">Datenschutz<\/h2>\r\n<p>Voltizy verpflichtet sich, die Privatsph\u00e4re der Nutzer der Website insbesondere bei der Verarbeitung ihrer personenbezogenen Daten zu respektieren. Gem\u00e4\u00df der Verordnung (EU) Nr. 2016\/679 des Europ\u00e4ischen Parlaments und des Rates vom 27. April 2016 k\u00f6nnen Informationen erfasst und in einer von Voltizy verwalteten Datei gespeichert werden, mit Sitz in der 15, Zone d\u2019Activit\u00e9s \u00c9conomiques, L-8287 Kehlen, Luxemburg. Diese Verarbeitung erfolgt zu folgenden Zwecken: Versand von Mitteilungen sowie Informationen \u00fcber Dienstleistungen und Neuheiten von Voltizy in verschiedenen Bereichen. Die Daten werden so lange gespeichert, wie das Nutzerkonto aktiv ist. Bei Abmeldung verpflichtet sich Voltizy, die gespeicherten Daten zu l\u00f6schen. Durch den Zugriff auf die Website <a href=\"https:\/\/voltizy.com\">voltizy.com<\/a>, insbesondere durch die Nutzung der Schaltfl\u00e4che \u201eKontaktieren Sie uns\u201c, erteilt der Nutzer seine ausdr\u00fcckliche und eindeutige Einwilligung zur Verarbeitung seiner personenbezogenen Daten durch Voltizy. Der Nutzer wird dar\u00fcber informiert, dass er das Recht hat, seine Einwilligung jederzeit zu widerrufen. Wird dieses Recht ausge\u00fcbt, werden die personenbezogenen Daten nicht mehr verarbeitet. Der Nutzer hat gem\u00e4\u00df der oben genannten EU-Verordnung Rechte auf Auskunft \u00fcber seine personenbezogenen Daten, Rechte auf Berichtigung, L\u00f6schung und Widerspruch und Rechte auf Daten\u00fcbertragbarkeit. Um diese Rechte auszu\u00fcben, kann der Nutzer eine Anfrage an folgende Adresse richten: <a href=\"mailto:info@voltizy.lu\">info@voltizy.lu<\/a>. Voltizy beh\u00e4lt sich das Recht vor, Nachrichteninhalte, deren Herkunft oder Ziel zu kontrollieren und zu \u00fcberpr\u00fcfen, wenn ein berechtigter Verdacht auf illegale oder rechtswidrige Aktivit\u00e4ten besteht oder eine Anordnung einer zust\u00e4ndigen Beh\u00f6rde vorliegt. Ohne beh\u00f6rdliche Anordnung beschr\u00e4nkt sich diese Kontrolle auf \u00f6ffentliche oder nicht vertrauliche Nachrichten (z.\u202fB. Webseiteninhalte, Forenbeitr\u00e4ge, Newsletter etc.).<\/p>\r\n<p>&nbsp;<\/p>\r\n<h2>Voltizy verpflichtet sich zu:<\/h2>\r\n<p>Die Rechte der Nutzer respektieren;<\/p>\r\n<ol>\r\n<li>nur Daten zu verarbeiten, die im Zusammenhang mit dem\/den festgelegten Zweck(en) stehen;<\/li>\r\n<li>dem Nutzer auf ausdr\u00fcckliche Anfrage hin die personenbezogenen Daten so schnell wie m\u00f6glich bereitzustellen;<\/li>\r\n<li>der Wahrung der Vertraulichkeit der gesammelten Daten;<\/li>\r\n<li>der Umsetzung aller technischen und organisatorischen Sicherheitsma\u00dfnahmen, um Verlust, Missbrauch, Ver\u00e4nderung, Leckage, unbefugten Zugriff und Diebstahl personenbezogener Daten zu verhindern. Voltizy haftet nicht f\u00fcr Verletzungen der Datensicherheit, die au\u00dferhalb seines Einflussbereichs liegen.<\/li>\r\n<\/ol>\r\n<p>Sowohl der Nutzer als auch Voltizy verpflichten sich zur Einhaltung der Vorschriften der Datenschutzverordnung.<\/p>","protected":false},"excerpt":{"rendered":"<p>Datenschutz Voltizy verpflichtet sich, die Privatsph\u00e4re der Nutzer der Website insbesondere bei der Verarbeitung ihrer personenbezogenen Daten zu respektieren. Gem\u00e4\u00df der Verordnung (EU) Nr. 2016\/679 des Europ\u00e4ischen Parlaments und des Rates vom 27. April 2016 k\u00f6nnen Informationen erfasst und in einer von Voltizy verwalteten Datei gespeichert werden, mit Sitz in der 15, Zone d\u2019Activit\u00e9s \u00c9conomiques, [&hellip;]<\/p>\n","protected":false},"author":1,"featured_media":0,"parent":0,"menu_order":0,"comment_status":"closed","ping_status":"closed","template":"","meta":{"_acf_changed":false,"footnotes":""},"class_list":["post-3","page","type-page","status-publish","hentry"],"acf":[],"_links":{"self":[{"href":"https:\/\/voltizy.com\/de\/wp-json\/wp\/v2\/pages\/3","targetHints":{"allow":["GET"]}}],"collection":[{"href":"https:\/\/voltizy.com\/de\/wp-json\/wp\/v2\/pages"}],"about":[{"href":"https:\/\/voltizy.com\/de\/wp-json\/wp\/v2\/types\/page"}],"author":[{"embeddable":true,"href":"https:\/\/voltizy.com\/de\/wp-json\/wp\/v2\/users\/1"}],"replies":[{"embeddable":true,"href":"https:\/\/voltizy.com\/de\/wp-json\/wp\/v2\/comments?post=3"}],"version-history":[{"count":9,"href":"https:\/\/voltizy.com\/de\/wp-json\/wp\/v2\/pages\/3\/revisions"}],"predecessor-version":[{"id":151,"href":"https:\/\/voltizy.com\/de\/wp-json\/wp\/v2\/pages\/3\/revisions\/151"}],"wp:attachment":[{"href":"https:\/\/voltizy.com\/de\/wp-json\/wp\/v2\/media?parent=3"}],"curies":[{"name":"wp","href":"https:\/\/api.w.org\/{rel}","templated":true}]}}