{"id":105,"date":"2025-05-20T09:42:12","date_gmt":"2025-05-20T07:42:12","guid":{"rendered":"https:\/\/local.voltizy.com:8890\/?page_id=105"},"modified":"2025-06-13T12:02:25","modified_gmt":"2025-06-13T10:02:25","slug":"mentions-legales","status":"publish","type":"page","link":"https:\/\/voltizy.com\/de\/mentions-legales\/","title":{"rendered":"Rechtliche Hinweise"},"content":{"rendered":"<p>Die Nutzung der Website <a href=\"https:\/\/voltizy.com\">voltizy.com<\/a> unterliegt der uneingeschr\u00e4nkten Annahme der folgenden Bedingungen, Hinweise und Warnhinweise. Durch die Nutzung dieser Website erkl\u00e4ren Sie sich ausdr\u00fccklich mit diesen Bedingungen einverstanden.<\/p>\n<h2>Rechtliche Informationen<\/h2>\n<p>Die Website der Domaine Voltizy und deren gesamter Inhalt sind Eigentum von Voltizy mit Sitz in der 15, Zone d\u2019Activit\u00e9s \u00c9conomiques, L-8287 Kehlen, Luxemburg<\/p>\n<p>Verantwortlicher f\u00fcr die Ver\u00f6ffentlichung: <a href=\"mailto:info@voltizy.lu\">Voltizy<\/a><br \/>\nVerantwortlicher f\u00fcr die Kommunikation: <a href=\"mailto:info@voltizy.lu\">Voltizy<\/a><br \/>\nHosting: <a href=\"https:\/\/www.noosphere.lu\/\" target=\"_blank\" rel=\"noopener\">Noosphere<\/a><br \/>\nEntwicklung: <a href=\"https:\/\/www.noosphere.lu\/\" target=\"_blank\" rel=\"noopener\">Noosphere<\/a><br \/>\nKontakt f\u00fcr weitere Informationen: <a href=\"mailto:info@voltizy.lu\">Voltizy<\/a><\/p>\n<h2>Haftungsausschluss<\/h2>\n<p>Die auf dieser Website ver\u00f6ffentlichten Informationen dienen ausschlie\u00dflich zu Informationszwecken und haben keinen vertraglichen Charakter. Voltizy garantiert nicht die Genauigkeit, Vollst\u00e4ndigkeit oder Aktualit\u00e4t der Informationen auf der Website.<\/p>\n<p>Daher \u00fcbernimmt Voltizy keine Haftung:<\/p>\n<p>\u00b7 f\u00fcr jede Ungenauigkeit, Fehlerhaftigkeit oder Auslassung in Bezug auf die auf der Website verf\u00fcgbaren Informationen;<\/p>\n<p>\u00b7 f\u00fcr alle direkten und\/oder indirekten Sch\u00e4den, gleich aus welchen Gr\u00fcnden, Ursachen, Arten oder Folgen, die durch den Zugang irgendeiner Person zur<\/p>\n<p>Website oder durch die Unm\u00f6glichkeit des Zugangs, sowie durch die Nutzung der Website und\/oder das Vertrauen auf irgendeine Information, die direkt oder indirekt von dieser Website stammt, verursacht werden<\/p>\n<p>Voltizy beh\u00e4lt sich das Recht vor, den Inhalt der Website jederzeit ohne Vorank\u00fcndigung zu \u00e4ndern oder zu aktualisieren. Voltizy haftet nicht f\u00fcr Sch\u00e4den, die aus der Nutzung der auf dieser Website ver\u00f6ffentlichten Informationen und\/oder der Nutzung eines Produkts oder einer Dienstleistung, auf die diese Informationen verweisen, entstehen k\u00f6nnen. Es liegt in der Verantwortung des Nutzers, die Richtigkeit der bereitgestellten Informationen sowie deren Verwendung zu \u00fcberpr\u00fcfen.<\/p>\n<h2>\u00a9 Urheberrecht und geistiges Eigentum<\/h2>\n<h3>Urheberrechte<\/h3>\n<p>Sofern nicht anders angegeben, sind alle Informationen auf diesem Internet-Server und die auf der Website enthaltenen Dokumente sowie alle f\u00fcr die Website erstellten Elemente Eigentum von Voltizy und durch geistige Eigentumsrechte gesch\u00fctzt.<\/p>\n<p>Die Vervielf\u00e4ltigung und Nutzung der auf der Website ver\u00f6ffentlichten Dokumente und Informationen ist ausschlie\u00dflich f\u00fcr den privaten und nicht-kommerziellen Gebrauch unter Angabe der Quelle gestattet. Jede andere Nutzung ist ausdr\u00fccklich untersagt und strafbar.<\/p>\n<p>Es wird keine Lizenz oder ein anderes Recht au\u00dfer dem Besuch der Website gew\u00e4hrt. Jede andere Verwendung au\u00dferhalb des rein privaten Rahmens ist verboten.<\/p>\n<h3>Website-Struktur &amp; Datenbanken<\/h3>\n<p>Die Nutzung der Website-Struktur und der darin enthaltenen Datenbanken ist nur f\u00fcr den pers\u00f6nlichen und privaten Gebrauch erlaubt. Jegliche Nutzung zu kommerziellen oder beruflichen Zwecken ist ausgeschlossen.<\/p>\n<h3>Kennzeichen und Marken<\/h3>\n<p>Sofern nicht anders angegeben, sind alle auf der Website genannten Namen, Logos, Marken (mit \u00ae oder \u2122) Eigentum von Voltizy und d\u00fcrfen nur mit vorheriger schriftlicher Zustimmung verwendet werden.<\/p>\n<h3>Datenbankrechte<\/h3>\n<p>Der gesamte Inhalt dieser Website ist durch geistige Eigentumsrechte gesch\u00fctzt, deren Inhaber Voltizy und\/oder deren Lieferanten und Partner sind. Hinsichtlich des rechtlichen Schutzes von Datenbanken ist Voltizy Hersteller und Eigent\u00fcmer s\u00e4mtlicher oder eines Teils der Datenbanken, die diese Website ausmachen.<\/p>\n<p>Mit dem Zugriff auf diese Website verpflichtet sich der Nutzer insbesondere, keinerlei qualitativ oder quantitativ wesentlichen Teile des Inhalts der auf der Website <a href=\"https:\/\/voltizy.com\">voltizy.com<\/a> enthaltenen Datenbanken direkt oder indirekt, dauerhaft oder vor\u00fcbergehend, in irgendeiner Form oder mit irgendwelchen Mitteln, auf irgendeinem Tr\u00e4ger, einschlie\u00dflich mittels Hyperlinks, zu extrahieren, wiederzuverwenden, zu speichern, zu vervielf\u00e4ltigen, darzustellen oder aufzubewahren. Ebenso ist es untersagt, nicht wesentliche Teile der Datenbanken wiederholt und systematisch zu extrahieren oder wiederzuverwenden, wenn diese Handlungen offensichtlich \u00fcber den Rahmen einer normalen Nutzung hinausgehen<\/p>\n<h2>Hyperlinks<\/h2>\n<p>Voltizy lehnt jegliche Verantwortung f\u00fcr die Inhalte der Websites ab, auf die \u00fcber Hyperlinks verwiesen wird. Die auf der Website <a href=\"https:\/\/voltizy.com\">voltizy.com<\/a> angebotenen Links dienen ausschlie\u00dflich als Serviceleistung f\u00fcr die Nutzer. Die Entscheidung, diese Links zu aktivieren, liegt ausschlie\u00dflich beim Nutzer der Website.<\/p>\n<p>Jegliche einfache und\/oder tiefergehende Verlinkung (\u201eDeep Linking\u201c) sowie das Einbinden der Website <a href=\"https:\/\/voltizy.com\">voltizy.com<\/a> in Frames (\u201eFraming\u201c) ist strengstens untersagt. Folglich darf kein Element einer Seite der Website <a href=\"https:\/\/voltizy.com\">voltizy.com<\/a>, weder ganz noch teilweise, auf eine andere Website \u00fcbertragen, eingebunden, verbreitet oder zur Erstellung abgeleiteter Produkte verwendet werden \u2013 es sei denn, Voltizy hat hierzu ausdr\u00fccklich seine Zustimmung erteilt<\/p>\n<h3>Kommunikation<\/h3>\n<p>Elektronische oder postalische Mitteilungen an die Nutzer gelten als pers\u00f6nlich zugestellt.<\/p>\n<h2>\u00c4nderungen der Nutzungsbedingungen<\/h2>\n<p>Voltizy beh\u00e4lt sich das Recht vor, die Bedingungen, Hinweise und rechtlichen Informationen jederzeit zu \u00e4ndern.<\/p>","protected":false},"excerpt":{"rendered":"<p>Die Nutzung der Website voltizy.com unterliegt der uneingeschr\u00e4nkten Annahme der folgenden Bedingungen, Hinweise und Warnhinweise. Durch die Nutzung dieser Website erkl\u00e4ren Sie sich ausdr\u00fccklich mit diesen Bedingungen einverstanden. Rechtliche Informationen Die Website der Domaine Voltizy und deren gesamter Inhalt sind Eigentum von Voltizy mit Sitz in der 15, Zone d\u2019Activit\u00e9s \u00c9conomiques, L-8287 Kehlen, Luxemburg Verantwortlicher [&hellip;]<\/p>\n","protected":false},"author":1,"featured_media":0,"parent":0,"menu_order":0,"comment_status":"closed","ping_status":"closed","template":"","meta":{"_acf_changed":false,"footnotes":""},"class_list":["post-105","page","type-page","status-publish","hentry"],"acf":[],"_links":{"self":[{"href":"https:\/\/voltizy.com\/de\/wp-json\/wp\/v2\/pages\/105","targetHints":{"allow":["GET"]}}],"collection":[{"href":"https:\/\/voltizy.com\/de\/wp-json\/wp\/v2\/pages"}],"about":[{"href":"https:\/\/voltizy.com\/de\/wp-json\/wp\/v2\/types\/page"}],"author":[{"embeddable":true,"href":"https:\/\/voltizy.com\/de\/wp-json\/wp\/v2\/users\/1"}],"replies":[{"embeddable":true,"href":"https:\/\/voltizy.com\/de\/wp-json\/wp\/v2\/comments?post=105"}],"version-history":[{"count":11,"href":"https:\/\/voltizy.com\/de\/wp-json\/wp\/v2\/pages\/105\/revisions"}],"predecessor-version":[{"id":150,"href":"https:\/\/voltizy.com\/de\/wp-json\/wp\/v2\/pages\/105\/revisions\/150"}],"wp:attachment":[{"href":"https:\/\/voltizy.com\/de\/wp-json\/wp\/v2\/media?parent=105"}],"curies":[{"name":"wp","href":"https:\/\/api.w.org\/{rel}","templated":true}]}}